{"id":1366,"date":"2018-01-09T12:53:45","date_gmt":"2018-01-09T11:53:45","guid":{"rendered":"https:\/\/ovp24.org\/wp\/?page_id=1366"},"modified":"2018-08-01T18:23:42","modified_gmt":"2018-08-01T17:23:42","slug":"download-bereich","status":"publish","type":"page","link":"https:\/\/ovp24.org\/wp\/?page_id=1366","title":{"rendered":"Download-Bereich"},"content":{"rendered":"<p><strong>Hier einige interessante Projekte, Artikel und Beitr\u00e4ge zum Download:<\/strong><\/p>\n<div>-&gt; <a href=\"https:\/\/ovp24.org\/wp\/wp-content\/uploads\/2018\/06\/Windows_spy_2018.pdf\">Vortrag Windows Spy<\/a>, DK1DKE vom Juni 2018<\/div>\n<div class=\"csc-media-title\">-&gt; <a href=\"https:\/\/ovp24.org\/wp\/wp-content\/uploads\/2018\/01\/Starthilfe-BEMFV_Okt-2017.pdf\" target=\"_blank\" rel=\"noopener\"><em>Starthilfe f\u00fcr die BEMFV<\/em><\/a> (Anzeige der AFU-Station f\u00fcr die BNetzA);<\/div>\n<div class=\"csc-media-title\">eine Pr\u00e4sentation von Siggi, DL2PM vom Oktober 2017<\/div>\n<div>-&gt; <a href=\"https:\/\/ovp24.org\/wp\/wp-content\/uploads\/2018\/01\/mini_beams.pdf\" target=\"_blank\" rel=\"noopener\"><em>Mini-Beams<\/em><\/a>;<\/div>\n<div>ein Vortrag von Dirk, DK1DKE \u00fcber Mini-Beams vom Juli 2012<\/div>\n<div class=\"csc-media-filename\">&nbsp;<\/div>\n","protected":false},"excerpt":{"rendered":"<p>Hier einige interessante Projekte, Artikel und Beitr\u00e4ge zum Download: -&gt; Vortrag Windows Spy, DK1DKE vom Juni 2018 -&gt; Starthilfe f\u00fcr die BEMFV (Anzeige der AFU-Station f\u00fcr die BNetzA); eine Pr\u00e4sentation von Siggi, DL2PM vom Oktober 2017 -&gt; Mini-Beams; ein Vortrag von Dirk, DK1DKE \u00fcber Mini-Beams vom Juli 2012 &nbsp;<\/p>\n","protected":false},"author":1,"featured_media":0,"parent":0,"menu_order":0,"comment_status":"closed","ping_status":"closed","template":"","meta":{"_mc_calendar":[],"footnotes":""},"class_list":["post-1366","page","type-page","status-publish","hentry"],"_links":{"self":[{"href":"https:\/\/ovp24.org\/wp\/index.php?rest_route=\/wp\/v2\/pages\/1366","targetHints":{"allow":["GET"]}}],"collection":[{"href":"https:\/\/ovp24.org\/wp\/index.php?rest_route=\/wp\/v2\/pages"}],"about":[{"href":"https:\/\/ovp24.org\/wp\/index.php?rest_route=\/wp\/v2\/types\/page"}],"author":[{"embeddable":true,"href":"https:\/\/ovp24.org\/wp\/index.php?rest_route=\/wp\/v2\/users\/1"}],"replies":[{"embeddable":true,"href":"https:\/\/ovp24.org\/wp\/index.php?rest_route=%2Fwp%2Fv2%2Fcomments&post=1366"}],"version-history":[{"count":15,"href":"https:\/\/ovp24.org\/wp\/index.php?rest_route=\/wp\/v2\/pages\/1366\/revisions"}],"predecessor-version":[{"id":1700,"href":"https:\/\/ovp24.org\/wp\/index.php?rest_route=\/wp\/v2\/pages\/1366\/revisions\/1700"}],"wp:attachment":[{"href":"https:\/\/ovp24.org\/wp\/index.php?rest_route=%2Fwp%2Fv2%2Fmedia&parent=1366"}],"curies":[{"name":"wp","href":"https:\/\/api.w.org\/{rel}","templated":true}]}}