{"id":1425,"date":"2018-02-22T11:08:05","date_gmt":"2018-02-22T10:08:05","guid":{"rendered":"https:\/\/ovp24.org\/wp\/?page_id=1425"},"modified":"2018-02-27T17:20:50","modified_gmt":"2018-02-27T16:20:50","slug":"antennensimulation-und-probeaufbau","status":"publish","type":"page","link":"https:\/\/ovp24.org\/wp\/?page_id=1425","title":{"rendered":"Antennensimulation und Probeaufbau"},"content":{"rendered":"<p>Im Rahmen der Vorbereitung eines Technik-Wochenendes bei P24 (im April 2018) hat Willi (DK6SX) eine interessante Antennenform im Internet gefunden, die wir mal ausprobieren wollen.<\/p>\n<p>Die Idee dieser Antenne stammt von Henry,&nbsp; OU5U bzw. OZ3FD (www.qrz.com -&gt; OU5U):<\/p>\n<p><img loading=\"lazy\" decoding=\"async\" class=\"alignnone wp-image-1431\" src=\"https:\/\/ovp24.org\/wp\/wp-content\/uploads\/2018\/02\/40m_vertical_2-300x215.jpg\" alt=\"\" width=\"549\" height=\"393\" srcset=\"https:\/\/ovp24.org\/wp\/wp-content\/uploads\/2018\/02\/40m_vertical_2-300x215.jpg 300w, https:\/\/ovp24.org\/wp\/wp-content\/uploads\/2018\/02\/40m_vertical_2-768x551.jpg 768w, https:\/\/ovp24.org\/wp\/wp-content\/uploads\/2018\/02\/40m_vertical_2.jpg 800w\" sizes=\"auto, (max-width: 549px) 100vw, 549px\" \/><\/p>\n<p>Helmut (DL5HG) hat nun versucht, diese Antenne mit&nbsp;4nec2 von Arie Voors (<a href=\"http:\/\/www.qsl.net\/4nec2\/\">http:\/\/www.qsl.net\/4nec2\/)<\/a>&nbsp;zu simulieren. Das erste Ergebnis offenbart noch einigen Optimierungsbedarf. Das SWR bei &#8222;normalem&#8220; Untergrund ist bestenfalls 1 : 3,5.<\/p>\n<p><img loading=\"lazy\" decoding=\"async\" class=\"alignnone wp-image-1432\" src=\"https:\/\/ovp24.org\/wp\/wp-content\/uploads\/2018\/02\/40m_vertical_swr1-300x218.jpg\" alt=\"\" width=\"460\" height=\"334\" srcset=\"https:\/\/ovp24.org\/wp\/wp-content\/uploads\/2018\/02\/40m_vertical_swr1-300x218.jpg 300w, https:\/\/ovp24.org\/wp\/wp-content\/uploads\/2018\/02\/40m_vertical_swr1.jpg 609w\" sizes=\"auto, (max-width: 460px) 100vw, 460px\" \/><\/p>\n<p>Hier nun weitere Optimierungen durch Helmut (DL5HG):<\/p>\n<p>Die urspr\u00fcnglichen Daten wurden etwas ver\u00e4ndert, weil die Simulation keine sinnvollen Ergebnisse zeigte. In Abbildung 1 ist der prinzipielle Aufbau der Antenne dargestellt. In Abbildung 2 ist die Antennenbeschreibung des Antennensimulators 4nec2 dargestellt.<\/p>\n<p><img loading=\"lazy\" decoding=\"async\" class=\"alignnone wp-image-1449\" src=\"https:\/\/ovp24.org\/wp\/wp-content\/uploads\/2018\/02\/40m_vertical_2_1-300x266.jpg\" alt=\"\" width=\"453\" height=\"402\" srcset=\"https:\/\/ovp24.org\/wp\/wp-content\/uploads\/2018\/02\/40m_vertical_2_1-300x266.jpg 300w, https:\/\/ovp24.org\/wp\/wp-content\/uploads\/2018\/02\/40m_vertical_2_1.jpg 556w\" sizes=\"auto, (max-width: 453px) 100vw, 453px\" \/><\/p>\n<p>Abbildung 1: Prinzip Aufbau der Antenne f\u00fcr 40 m<\/p>\n<p>&nbsp;<\/p>\n<p><img loading=\"lazy\" decoding=\"async\" class=\"alignnone wp-image-1450\" src=\"https:\/\/ovp24.org\/wp\/wp-content\/uploads\/2018\/02\/40m_vertical_2_2-300x279.jpg\" alt=\"\" width=\"405\" height=\"377\" srcset=\"https:\/\/ovp24.org\/wp\/wp-content\/uploads\/2018\/02\/40m_vertical_2_2-300x279.jpg 300w, https:\/\/ovp24.org\/wp\/wp-content\/uploads\/2018\/02\/40m_vertical_2_2.jpg 507w\" sizes=\"auto, (max-width: 405px) 100vw, 405px\" \/>&nbsp;<\/p>\n<p>Abbildung 2: Antennenaufbau in 4nec2<\/p>\n<p>&nbsp;<\/p>\n<p>In Tabelle 1 sind die Simulationsergebnisse mit verschiedenen Untergrundtypen dargestellt. Bei allen<br \/>\nSimulationen wurden die Antennenabmessungen von Abbildung 1 benutzt und die entsprechenden<br \/>\nWerte f\u00fcr die Induktivit\u00e4t L und Kapazit\u00e4t C optimiert. Die Optimierungsziele waren<br \/>\nStehwellenverh\u00e4ltnis (SWR), Anpassungswiderstand (50 \u03a9) und Antennengewinn (Gain in dBi)<br \/>\nPrinzipiell gilt, je besser der Untergrund, je h\u00f6her der Antennengewinn.<\/p>\n<table width=\"200\" border=\"1\">\n<tbody>\n<tr>\n<td>&nbsp;<strong>Ground<\/strong><\/td>\n<td><strong>&nbsp;Type<\/strong><\/td>\n<td><strong>&nbsp;C [pF]<\/strong><\/td>\n<td><strong>&nbsp;L [uH]<\/strong><\/td>\n<td><strong>&nbsp;SWR<\/strong><\/td>\n<td><strong>&nbsp;Gain [dBi]<\/strong><\/td>\n<\/tr>\n<tr>\n<td>&nbsp;perfect ground<\/td>\n<td>&nbsp;&#8211;<\/td>\n<td>&nbsp;175<\/td>\n<td>&nbsp;23,0<\/td>\n<td>&nbsp;1,06<\/td>\n<td>&nbsp;5,87<\/td>\n<\/tr>\n<tr>\n<td>&nbsp;real ground<\/td>\n<td>&nbsp;good<\/td>\n<td>&nbsp;110<\/td>\n<td>&nbsp;4,0<\/td>\n<td>&nbsp;1,05<\/td>\n<td>&nbsp;-9,90<\/td>\n<\/tr>\n<tr>\n<td>&nbsp;<\/td>\n<td>&nbsp;avarage<\/td>\n<td>&nbsp;63<\/td>\n<td>&nbsp;6,3<\/td>\n<td>&nbsp;1,01<\/td>\n<td>&nbsp;-12,80<\/td>\n<\/tr>\n<tr>\n<td>&nbsp;<\/td>\n<td>&nbsp;moderate<\/td>\n<td>&nbsp;70<\/td>\n<td>&nbsp;6,1<\/td>\n<td>&nbsp;2,23<\/td>\n<td>&nbsp;-18,20<\/td>\n<\/tr>\n<tr>\n<td>&nbsp;<\/td>\n<td>&nbsp;poor<\/td>\n<td>&nbsp;47<\/td>\n<td>&nbsp;8,7<\/td>\n<td>&nbsp;2,78<\/td>\n<td>&nbsp;-17,10<\/td>\n<\/tr>\n<\/tbody>\n<\/table>\n<p>Tabelle 1:&nbsp;Simulationsergebnisse mit unterschiedlichem Untergrund<\/p>\n<p>&nbsp;<\/p>\n<p>Im Folgenden werden die Simulationsergebnisse auf Basis des \u201ereal ground \u2013 average\u201c genauer<br \/>\ndargestellt. Das Simulationsergebnis bei 7.1 MHz ist in Abbildung 3 dargestellt.<\/p>\n<p>&nbsp;<\/p>\n<p><img loading=\"lazy\" decoding=\"async\" class=\"alignnone wp-image-1451\" src=\"https:\/\/ovp24.org\/wp\/wp-content\/uploads\/2018\/02\/40m_vertical_2_3-300x264.jpg\" alt=\"\" width=\"514\" height=\"452\" srcset=\"https:\/\/ovp24.org\/wp\/wp-content\/uploads\/2018\/02\/40m_vertical_2_3-300x264.jpg 300w, https:\/\/ovp24.org\/wp\/wp-content\/uploads\/2018\/02\/40m_vertical_2_3.jpg 470w\" sizes=\"auto, (max-width: 514px) 100vw, 514px\" \/><\/p>\n<p>Abbildung 3: Simulationsergebnis bei f = 7.1 MHz<\/p>\n<p>&nbsp;<\/p>\n<p>Abbildung 4 zeigt das Stehwellenverh\u00e4ltnis bzw. den Reflektionskoeffizient im interessierenden<br \/>\nFrequenzbereich. Da auf die Frequenz f = 7.1 MHz optimiert wurde, liegt dort der Tiefpunkt mit<br \/>\neinem simulierten SWR Wert von 1.01.<\/p>\n<p><img loading=\"lazy\" decoding=\"async\" class=\"alignnone wp-image-1452\" src=\"https:\/\/ovp24.org\/wp\/wp-content\/uploads\/2018\/02\/40m_vertical_2_4-223x300.jpg\" alt=\"\" width=\"509\" height=\"685\" srcset=\"https:\/\/ovp24.org\/wp\/wp-content\/uploads\/2018\/02\/40m_vertical_2_4-223x300.jpg 223w, https:\/\/ovp24.org\/wp\/wp-content\/uploads\/2018\/02\/40m_vertical_2_4.jpg 613w\" sizes=\"auto, (max-width: 509px) 100vw, 509px\" \/><\/p>\n<p>Abbildung 4: SWR im Frequenzbereich<\/p>\n<p>&nbsp;<\/p>\n<p><img loading=\"lazy\" decoding=\"async\" class=\"alignnone wp-image-1458\" src=\"https:\/\/ovp24.org\/wp\/wp-content\/uploads\/2018\/02\/40m_vertical_2_5-300x266.jpg\" alt=\"\" width=\"506\" height=\"449\" srcset=\"https:\/\/ovp24.org\/wp\/wp-content\/uploads\/2018\/02\/40m_vertical_2_5-300x266.jpg 300w, https:\/\/ovp24.org\/wp\/wp-content\/uploads\/2018\/02\/40m_vertical_2_5-768x681.jpg 768w, https:\/\/ovp24.org\/wp\/wp-content\/uploads\/2018\/02\/40m_vertical_2_5.jpg 864w\" sizes=\"auto, (max-width: 506px) 100vw, 506px\" \/><\/p>\n<p>Abbildung 5:&nbsp;3D Plot bei 7.1 MHz<\/p>\n<p>&nbsp;<\/p>\n<p>Aus Abbildung 5 kann man erkennen, da\u00df die Abstrahlung in Richtung des isolierten Drahtes<br \/>\n(Direktor) maximal ist und nicht, wie urspr\u00fcnglich erwartet, in entgegengesetzter Richtung. Die<br \/>\nerwarteten 4 dB Gewinn von OU5U konnten h\u00f6chstens mit Hilfe der Simulation mit \u201eperfect ground\u201c<br \/>\nbest\u00e4tigt werden. Bei \u201ereal ground \u2013 average\u201c waren max. -12,8 dBi in Direktor-Linie zu erreichen.<\/p>\n<p><strong>N\u00e4chste Simulation, nun mit Radials:<\/strong><\/p>\n<p>Die bisherige Groundplane Antenne wurde mit Hilfe von zus\u00e4tzlichen Radials von jeweils 12 m L\u00e4nge erg\u00e4nzt um die Bodenverh\u00e4ltnisse etwas zu kompensieren. In Abbildung 1 ist der prinzipielle Aufbau der Antenne dargestellt. Die optimierten Werte bzgl. SWR, 50 \u03a9Anpassung und maximalen Antennengewinn waren C = 133 pF und L = 16 \u03bcH.<\/p>\n<p><img loading=\"lazy\" decoding=\"async\" class=\"alignnone wp-image-1461\" src=\"https:\/\/ovp24.org\/wp\/wp-content\/uploads\/2018\/02\/40m_vertical_3_1-300x268.jpg\" alt=\"\" width=\"500\" height=\"447\" srcset=\"https:\/\/ovp24.org\/wp\/wp-content\/uploads\/2018\/02\/40m_vertical_3_1-300x268.jpg 300w, https:\/\/ovp24.org\/wp\/wp-content\/uploads\/2018\/02\/40m_vertical_3_1.jpg 505w\" sizes=\"auto, (max-width: 500px) 100vw, 500px\" \/><\/p>\n<p>Abbildung 2: Antennenaufbau in 4nec2<\/p>\n<p>&nbsp;<\/p>\n<p>Das Simulationsergebnis bei 7.1 MHz ist in Abbildung 3 dargestellt. Die Anpassung an die 50 \u03a9 Quelle<br \/>\nw\u00e4re g\u00fcnstiger, wenn die Radials mit etwa 135\u00b0 nach au\u00dfen geneigt verlegt werden k\u00f6nnten. Siehe<br \/>\nauch Rothammel (13. Auflage) Kap. 19.4.3 Referenz: [Tinus, W.C.: Ultra-high frequency Antenna<br \/>\nTerminations \u2013 using concentric lines. Electronics, August 1935, pp. 239-24].<\/p>\n<p><img loading=\"lazy\" decoding=\"async\" class=\"alignnone wp-image-1462\" src=\"https:\/\/ovp24.org\/wp\/wp-content\/uploads\/2018\/02\/40m_vertical_3_2-300x265.jpg\" alt=\"\" width=\"483\" height=\"427\" srcset=\"https:\/\/ovp24.org\/wp\/wp-content\/uploads\/2018\/02\/40m_vertical_3_2-300x265.jpg 300w, https:\/\/ovp24.org\/wp\/wp-content\/uploads\/2018\/02\/40m_vertical_3_2.jpg 466w\" sizes=\"auto, (max-width: 483px) 100vw, 483px\" \/><\/p>\n<p>Abbildung 3: Simulationsergebnis bei f = 7.1 MHz<\/p>\n<p>&nbsp;<\/p>\n<p>Abbildung 4 zeigt das Stehwellenverh\u00e4ltnis bzw. den Reflektionskoeffizient im interessierenden<br \/>\nFrequenzbereich. Da auf die Frequenz f = 7.1 MHz optimiert wurde, liegt dort der Tiefpunkt mit<br \/>\neinem simulierten SWR Wert von 1.10.<\/p>\n<p><img loading=\"lazy\" decoding=\"async\" class=\"alignnone wp-image-1463\" src=\"https:\/\/ovp24.org\/wp\/wp-content\/uploads\/2018\/02\/40m_vertical_3_3-223x300.jpg\" alt=\"\" width=\"467\" height=\"628\" srcset=\"https:\/\/ovp24.org\/wp\/wp-content\/uploads\/2018\/02\/40m_vertical_3_3-223x300.jpg 223w, https:\/\/ovp24.org\/wp\/wp-content\/uploads\/2018\/02\/40m_vertical_3_3.jpg 613w\" sizes=\"auto, (max-width: 467px) 100vw, 467px\" \/><\/p>\n<p>Abbildung 4: SWR im Frequenzbereich<\/p>\n<p>&nbsp;<\/p>\n<p>Aus Abbildung 5 und Abbildung 6 kann man erkennen, da\u00df die erwarteten 4 dB Gewinn von OU5U<br \/>\nzwar nicht erreicht werden konnten, sich aber durch die Radials der Gewinn von -12.8 dBi (ohne<br \/>\nRadials) auf -1.2 dBi (mit Radials) in Hauptstrahlrichtung bei gleichem Untergrund verbessern lie\u00df.<\/p>\n<p><img loading=\"lazy\" decoding=\"async\" class=\"alignnone size-medium wp-image-1464\" src=\"https:\/\/ovp24.org\/wp\/wp-content\/uploads\/2018\/02\/40m_vertical_3_4-300x264.jpg\" alt=\"\" width=\"300\" height=\"264\" srcset=\"https:\/\/ovp24.org\/wp\/wp-content\/uploads\/2018\/02\/40m_vertical_3_4-300x264.jpg 300w, https:\/\/ovp24.org\/wp\/wp-content\/uploads\/2018\/02\/40m_vertical_3_4-768x676.jpg 768w, https:\/\/ovp24.org\/wp\/wp-content\/uploads\/2018\/02\/40m_vertical_3_4.jpg 864w\" sizes=\"auto, (max-width: 300px) 100vw, 300px\" \/><img loading=\"lazy\" decoding=\"async\" class=\"alignnone size-medium wp-image-1465\" src=\"https:\/\/ovp24.org\/wp\/wp-content\/uploads\/2018\/02\/40m_vertical_3_5-300x266.jpg\" alt=\"\" width=\"300\" height=\"266\" srcset=\"https:\/\/ovp24.org\/wp\/wp-content\/uploads\/2018\/02\/40m_vertical_3_5-300x266.jpg 300w, https:\/\/ovp24.org\/wp\/wp-content\/uploads\/2018\/02\/40m_vertical_3_5-768x681.jpg 768w, https:\/\/ovp24.org\/wp\/wp-content\/uploads\/2018\/02\/40m_vertical_3_5.jpg 864w\" sizes=\"auto, (max-width: 300px) 100vw, 300px\" \/><\/p>\n<p>Abbildung 5 und 6: 3D Plot bei 7.1 MHz (mit und ohne Radials)<\/p>\n<p>&nbsp;<\/p>\n<p>Helmut (DL5HG), Willi (DK6SX) und Dirk (DK1DKE)<\/p>\n","protected":false},"excerpt":{"rendered":"<p>Im Rahmen der Vorbereitung eines Technik-Wochenendes bei P24 (im April 2018) hat Willi (DK6SX) eine interessante Antennenform im Internet gefunden, die wir mal ausprobieren wollen. Die Idee dieser Antenne stammt von Henry,&nbsp; OU5U bzw. OZ3FD (www.qrz.com -&gt; OU5U): Helmut (DL5HG) hat nun versucht, diese Antenne mit&nbsp;4nec2 von Arie Voors (http:\/\/www.qsl.net\/4nec2\/)&nbsp;zu simulieren. Das erste Ergebnis offenbart [&hellip;]<\/p>\n","protected":false},"author":1,"featured_media":0,"parent":0,"menu_order":0,"comment_status":"closed","ping_status":"closed","template":"","meta":{"_mc_calendar":[],"footnotes":""},"class_list":["post-1425","page","type-page","status-publish","hentry"],"_links":{"self":[{"href":"https:\/\/ovp24.org\/wp\/index.php?rest_route=\/wp\/v2\/pages\/1425","targetHints":{"allow":["GET"]}}],"collection":[{"href":"https:\/\/ovp24.org\/wp\/index.php?rest_route=\/wp\/v2\/pages"}],"about":[{"href":"https:\/\/ovp24.org\/wp\/index.php?rest_route=\/wp\/v2\/types\/page"}],"author":[{"embeddable":true,"href":"https:\/\/ovp24.org\/wp\/index.php?rest_route=\/wp\/v2\/users\/1"}],"replies":[{"embeddable":true,"href":"https:\/\/ovp24.org\/wp\/index.php?rest_route=%2Fwp%2Fv2%2Fcomments&post=1425"}],"version-history":[{"count":15,"href":"https:\/\/ovp24.org\/wp\/index.php?rest_route=\/wp\/v2\/pages\/1425\/revisions"}],"predecessor-version":[{"id":1467,"href":"https:\/\/ovp24.org\/wp\/index.php?rest_route=\/wp\/v2\/pages\/1425\/revisions\/1467"}],"wp:attachment":[{"href":"https:\/\/ovp24.org\/wp\/index.php?rest_route=%2Fwp%2Fv2%2Fmedia&parent=1425"}],"curies":[{"name":"wp","href":"https:\/\/api.w.org\/{rel}","templated":true}]}}