{"id":1494,"date":"2018-03-20T21:18:35","date_gmt":"2018-03-20T20:18:35","guid":{"rendered":"https:\/\/ovp24.org\/wp\/?page_id=1494"},"modified":"2021-10-23T11:29:38","modified_gmt":"2021-10-23T10:29:38","slug":"spenden-an-p24","status":"publish","type":"page","link":"https:\/\/ovp24.org\/wp\/?page_id=1494","title":{"rendered":"Spenden an P24"},"content":{"rendered":"<h2>Spenden an den Ortsverband<\/h2>\n<p>Spenden an den Ortsverband, die steuerlich geltend gemacht werden sollen, m\u00fcssen \u00fcber den DARC geleitet werden.<\/p>\n<p>Der DARC e. V. f\u00fchrt zu diesem Zweck ein Spendenkonto bei der Postbank.<\/p>\n<p>\u00dcberweisungen sollten folgende Angaben enthalten:<\/p>\n<p>DOK und Name des beg\u00fcnstigten Ortsverbands (z.B. P24 OV Leonberg\/Rutesheim)<br \/>\nName des Spenders (mit Rufzeichen)<br \/>\nVerwendungshinweis (bitte nur , wenn die Verwendung explizit eingeschr\u00e4nkt<br \/>\nwerden soll: z. B. Miete)<\/p>\n<p>Die Daten f\u00fcr das Spendenkonto lauten:<\/p>\n<p>Kontoinhaber: DARC e.V. Spendenkonto<\/p>\n<p>IBAN: DE17 5001 0060 0995 4226 05<\/p>\n<p>BIC: PBNKDEFF<\/p>\n<p>Bankinstitut: Postbank Frankfurt<\/p>\n","protected":false},"excerpt":{"rendered":"<p>Spenden an den Ortsverband Spenden an den Ortsverband, die steuerlich geltend gemacht werden sollen, m\u00fcssen \u00fcber den DARC geleitet werden. Der DARC e. V. f\u00fchrt zu diesem Zweck ein Spendenkonto bei der Postbank. \u00dcberweisungen sollten folgende Angaben enthalten: DOK und Name des beg\u00fcnstigten Ortsverbands (z.B. P24 OV Leonberg\/Rutesheim) Name des Spenders (mit Rufzeichen) Verwendungshinweis (bitte [&hellip;]<\/p>\n","protected":false},"author":5,"featured_media":0,"parent":0,"menu_order":0,"comment_status":"closed","ping_status":"closed","template":"","meta":{"_mc_calendar":[],"footnotes":""},"class_list":["post-1494","page","type-page","status-publish","hentry"],"_links":{"self":[{"href":"https:\/\/ovp24.org\/wp\/index.php?rest_route=\/wp\/v2\/pages\/1494","targetHints":{"allow":["GET"]}}],"collection":[{"href":"https:\/\/ovp24.org\/wp\/index.php?rest_route=\/wp\/v2\/pages"}],"about":[{"href":"https:\/\/ovp24.org\/wp\/index.php?rest_route=\/wp\/v2\/types\/page"}],"author":[{"embeddable":true,"href":"https:\/\/ovp24.org\/wp\/index.php?rest_route=\/wp\/v2\/users\/5"}],"replies":[{"embeddable":true,"href":"https:\/\/ovp24.org\/wp\/index.php?rest_route=%2Fwp%2Fv2%2Fcomments&post=1494"}],"version-history":[{"count":3,"href":"https:\/\/ovp24.org\/wp\/index.php?rest_route=\/wp\/v2\/pages\/1494\/revisions"}],"predecessor-version":[{"id":2163,"href":"https:\/\/ovp24.org\/wp\/index.php?rest_route=\/wp\/v2\/pages\/1494\/revisions\/2163"}],"wp:attachment":[{"href":"https:\/\/ovp24.org\/wp\/index.php?rest_route=%2Fwp%2Fv2%2Fmedia&parent=1494"}],"curies":[{"name":"wp","href":"https:\/\/api.w.org\/{rel}","templated":true}]}}