{"id":1521,"date":"2018-04-10T09:34:01","date_gmt":"2018-04-10T08:34:01","guid":{"rendered":"https:\/\/ovp24.org\/wp\/?page_id=1521"},"modified":"2024-03-08T15:25:38","modified_gmt":"2024-03-08T14:25:38","slug":"impressum-datenschutzerklaerung","status":"publish","type":"page","link":"https:\/\/ovp24.org\/wp\/?page_id=1521","title":{"rendered":"Datenschutzerkl\u00e4rung"},"content":{"rendered":"<p><strong>Der DARC Ortsverband Leonberg P24 ist eine Unterorganisation des DARC (Deutscher Amateur Radio Club e.V.). URL: www.darc.de<\/strong><\/p>\n<p>Es gelten prim\u00e4r das Impressum und die Datenschutzerkl\u00e4rung des Zentralverbendes, an die wir uns halten.<\/p>\n<p><strong>Webmaster:<\/strong><\/p>\n<p>Felix Schepmann (DO3FDS)<\/p>\n<p>felix(at)do3fds.de<\/p>\n<p>Zentralverband DARC e.V.<\/p>\n<p>Impressum: https:\/\/www.darc.de\/impressum\/<\/p>\n<p>Datenschutz: https:\/\/www.darc.de\/datenschutzerklaerung\/<\/p>\n<div class=\"csc-default-inner\">\n<p>Wir freuen uns, dass Sie unsere Website besuchen und bedanken uns f\u00fcr Ihr Interesse! Der Schutz Ihrer Privatsph\u00e4re bei der Nutzung unserer Website ist uns wichtig, bitte nehmen Sie daher die nachstehenden Informationen \u00fcber den Umgang mit Ihren Daten zur Kenntnis:<\/p>\n<h2>1) Grunds\u00e4tzliches zum Umgang mit personenbezogenen Daten<\/h2>\n<p>Sie k\u00f6nnen unsere Website besuchen, ohne Angaben zu Ihrer Person zu machen. Bei jedem Zugriff auf unsere Website werden Nutzungsdaten durch den jeweiligen Internetbrowser \u00fcbermittelt und in Protokolldateien, den sogenannten Server-Logfiles, wie z.B. Datum und Uhrzeit des Abrufs, Name der aufgerufenen Seite, \u00fcbertragene Datenmenge und den anfragenden Provider, gespeichert. Diese Daten k\u00f6nnen nicht einer bestimmten Person zugeordnet werden und dienen ausschlie\u00dflich der Sicherstellung eines st\u00f6rungsfreien Betriebs unserer Website und der Verbesserung unseres Angebots.<\/p>\n<p>Im Rahmen der Kontaktaufnahme mit uns (z.B. per Kontaktformular oder E-Mail) werden personenbezogene Daten erhoben. Welche Daten im Falle eines Kontaktformulars erhoben werden, ist aus dem jeweiligen Kontaktformular ersichtlich. Diese Daten werden ausschlie\u00dflich f\u00fcr die Beantwortung Ihres Anliegens bzw. f\u00fcr die Kontaktaufnahme und die damit verbundene technische Administration gespeichert und verwendet. Ihre Daten werden nach abschlie\u00dfender Bearbeitung Ihrer Anfrage gel\u00f6scht, sofern Sie dies w\u00fcnschen und der L\u00f6schung keine gesetzlichen Aufbewahrungspflichten entgegenstehen.<\/p>\n<p>&nbsp;<\/p>\n<h2>3) Cookies<\/h2>\n<p>Um den Besuch unserer Website attraktiv zu gestalten und die Nutzung bestimmter Funktionen zu erm\u00f6glichen, verwenden wir auf verschiedenen Seiten sogenannte Cookies. Hierbei handelt es sich um kleine Textdateien, die auf Ihrem Endger\u00e4t abgelegt werden. Einige der von uns verwendeten Cookies werden nach dem Ende der Browser-Sitzung, also nach Schlie\u00dfen Ihres Browsers, wieder gel\u00f6scht (sog. Sitzungs-Cookies). Andere Cookies verbleiben auf Ihrem Endger\u00e4t und erm\u00f6glichen uns oder unseren Partnerunternehmen, Ihren Browser beim n\u00e4chsten Besuch wiederzuerkennen (persistente Cookies). Sie k\u00f6nnen Ihren Browser so einstellen, dass Sie \u00fcber das Setzen von Cookies informiert werden und einzeln \u00fcber deren Annahme entscheiden oder die Annahme von Cookies f\u00fcr bestimmte F\u00e4lle oder generell ausschlie\u00dfen. Bei der Nichtannahme von Cookies kann die Funktionalit\u00e4t unserer Website eingeschr\u00e4nkt sein.<\/p>\n<h2>4) Verwendung von Social-Plugins<\/h2>\n<p><b>4.1<\/b> Auf unserer Website werden sogenannte Social Plugins (&#8222;Plugins&#8220;) des sozialen Netzwerkes Facebook verwendet, das von der Facebook Inc., 1601 S. California Ave, Palo Alto, CA 94304, USA (&#8222;Facebook&#8220;) betrieben wird. Die Plugins sind mit einem Facebook-Logo oder dem Zusatz &#8222;Soziales Plug-in von Facebook&#8220; bzw. &#8222;Facebook Social Plugin&#8220; gekennzeichnet. Eine \u00dcbersicht \u00fcber die Facebook Plugins und deren Aussehen finden Sie hier: <a href=\"https:\/\/developers.facebook.com\/docs\/plugins\" target=\"_blank\" rel=\"noopener\">developers.facebook.com\/docs\/plugins<\/a><\/p>\n<p>Wenn Sie eine Seite unseres Webauftritts aufrufen, die ein solches Plugin enth\u00e4lt, stellt Ihr Browser eine direkte Verbindung zu den Servern von Facebook her. Der Inhalt des Plugins wird von Facebook direkt an Ihren Browser \u00fcbermittelt und in die Seite eingebunden. Durch diese Einbindung erh\u00e4lt Facebook die Information, dass Ihr Browser die entsprechende Seite unseres Webauftritts aufgerufen hat, auch wenn Sie kein Facebook-Profil besitzen oder gerade nicht bei Facebook eingeloggt sind. Diese Information (einschlie\u00dflich Ihrer IP-Adresse) wird von Ihrem Browser direkt an einen Server von Facebook in die USA \u00fcbermittelt und dort gespeichert.<\/p>\n<p>Sind Sie bei Facebook eingeloggt, kann Facebook den Besuch unserer Website Ihrem Facebook-Profil unmittelbar zuordnen. Wenn Sie mit den Plugins interagieren, zum Beispiel den &#8222;Gef\u00e4llt mir&#8220;-Button bet\u00e4tigen oder einen Kommentar abgeben, wird diese Information ebenfalls direkt an einen Server von Facebook \u00fcbermittelt und dort gespeichert. Die Informationen werden au\u00dferdem auf Ihrem Facebook- Profil ver\u00f6ffentlicht und Ihren Facebook-Freunden angezeigt.<\/p>\n<p>Zweck und Umfang der Datenerhebung und die weitere Verarbeitung und Nutzung der Daten durch Facebook sowie Ihre diesbez\u00fcglichen Rechte und Einstellungsm\u00f6glichkeiten zum Schutz Ihrer Privatsph\u00e4re entnehmen Sie bitte den Datenschutzhinweisen von Facebook: <a href=\"http:\/\/www.facebook.com\/policy.php\" target=\"_blank\" rel=\"noopener\">www.facebook.com\/policy.php<\/a><\/p>\n<p>Wenn Sie nicht m\u00f6chten, dass Facebook die \u00fcber unseren Webauftritt gesammelten Daten unmittelbar Ihrem Facebook-Profil zuordnet, m\u00fcssen Sie sich vor Ihrem Besuch unserer Website bei Facebook ausloggen. Sie k\u00f6nnen das Laden der Facebook Plugins auch mit Add-Ons f\u00fcr Ihren Browser komplett verhindern, z.B. dem Skript-Blocker \u201eNoScript\u201c (http:\/\/noscript.net\/).<\/p>\n<p><b>4.2<\/b> Auf unserer Website werden sogenannte Social Plugins (\u201ePlugins\u201c) des sozialen Netzwerkes Facebook verwendet, das von der Facebook Inc., 1601 S. California Ave, Palo Alto, CA 94304, USA (\u201eFacebook\u201c) betrieben wird. Eine \u00dcbersicht \u00fcber die Facebook Plugins und deren Aussehen finden Sie hier: <a href=\"https:\/\/developers.facebook.com\/docs\/plugins\" target=\"_blank\" rel=\"noopener\">developers.facebook.com\/docs\/plugins<\/a><\/p>\n<p>Um den Schutz Ihrer Daten beim Besuch unserer Website zu erh\u00f6hen, sind die Plugins mittels sogenannter \u201e2-Klick\u201c- oder \u201eShariff\u201c-L\u00f6sung in die Seite eingebunden. Diese Einbindung gew\u00e4hrleistet, dass beim Aufruf einer Seite unseres Webauftritts, die solche Plugins enth\u00e4lt, noch keine Verbindung mit den Servern von Facebook hergestellt wird. Erst wenn Sie die Plugins aktivieren und damit Ihre Zustimmung zur Daten\u00fcbermittlung erteilen, stellt Ihr Browser eine direkte Verbindung zu den Servern von Facebook her. Der Inhalt des jeweiligen Plugins wird direkt an Ihren Browser \u00fcbermittelt und in die Seite eingebunden. Das Plugin \u00fcbermittelt dann Daten (einschlie\u00dflich Ihrer IP-Adresse) an Facebook. Wir haben keinen Einfluss auf den Umfang der Daten, die Facebook mit Hilfe der Plugins erhebt. Nach unserem Kenntnisstand erh\u00e4lt Facebook jedenfalls Informationen dar\u00fcber, welche unserer Webseiten Sie aktuell und zuvor aufgerufen haben. Durch die Einbindung der Plugins erh\u00e4lt Facebook auch dann die Informationen, dass Ihr Browser die entsprechende Seite unseres Webauftritts aufgerufen hat, wenn Sie kein Profil bei Facebook besitzen oder gerade nicht eingeloggt sind. Diese Informationen (einschlie\u00dflich Ihrer IP-Adresse) werden von Ihrem Browser direkt an einen Server von Facebook in die USA \u00fcbermittelt und dort gespeichert. Wenn Sie mit den Plugins interagieren, zum Beispiel den \u201eGef\u00e4llt mir\u201c-Button bet\u00e4tigen, wird die entsprechende Information ebenfalls direkt an einen Server von Facebook \u00fcbermittelt und dort gespeichert. Die Informationen werden au\u00dferdem bei Facebook ver\u00f6ffentlicht und dort Ihren Kontakten angezeigt.<\/p>\n<p>Zweck und Umfang der Datenerhebung und die weitere Verarbeitung und Nutzung der Daten durch Facebook sowie Ihre diesbez\u00fcglichen Rechte und Einstellungsm\u00f6glichkeiten zum Schutz Ihrer Privatsph\u00e4re entnehmen Sie bitte den Datenschutzhinweisen von Facebook unter <a href=\"http:\/\/www.facebook.com\/policy.php\" target=\"_blank\" rel=\"noopener\">www.facebook.com\/policy.php<\/a><\/p>\n<p>Wenn Sie Mitglied des sozialen Netzwerks von Facebook sind und das Sammeln von Daten \u00fcber unsere Webseiten sowie die Zusammenf\u00fchrung Ihrer Nutzerdaten mit den \u00fcber Sie bei dem sozialen Netzwerk Facebook gespeicherten Daten begrenzen m\u00f6chten, sollten Sie sich vor Ihrem Besuch unserer Website bei Facebook abmelden. Sie k\u00f6nnen das Laden der Facebook Plugins auch mit Add-Ons f\u00fcr Ihren Browser f\u00fcr die Zukunft komplett verhindern, z.B. mit dem Skript-Blocker \u201eNoScript\u201c (http:\/\/noscript.net\/).<\/p>\n<p><b>4.3<\/b> Auf unserer Website werden sogenannte Social Plugins (&#8222;Plugins&#8220;) des sozialen Netzwerkes Google+ verwendet, das von der Google Inc., 1600 Amphitheatre Parkway, Mountain View, CA 94043, USA (&#8222;Google&#8220;) betrieben wird. Die Plugins sind z. B. an Buttons mit dem Zeichen &#8222;+1&#8220; auf wei\u00dfem oder farbigem Hintergrund erkennbar. Eine \u00dcbersicht \u00fcber die Google Plugins und deren Aussehen finden Sie hier: <a href=\"https:\/\/developers.google.com\/+\/plugins\" target=\"_blank\" rel=\"noopener\">developers.google.com\/+\/plugins<\/a><\/p>\n<p>Wenn Sie eine Seite unseres Webauftritts aufrufen, die ein solches Plugin enth\u00e4lt, stellt Ihr Browser eine direkte Verbindung zu den Servern von Google her. Der Inhalt des Plugins wird von Google direkt an Ihren Browser \u00fcbermittelt und in die Seite eingebunden. Durch die Einbindung erh\u00e4lt Google die Information, dass Ihr Browser die entsprechende Seite unseres Webauftritts aufgerufen hat, auch wenn Sie kein Profil bei Google+ besitzen oder gerade nicht bei Google+ eingeloggt sind. Diese Information (einschlie\u00dflich Ihrer IP-Adresse) wird von Ihrem Browser direkt an einen Server von Google in die USA \u00fcbermittelt und dort gespeichert.<\/p>\n<p>Sind Sie bei Google+ eingeloggt, kann Google den Besuch unserer Website Ihrem Google+ Profil unmittelbar zuordnen. Wenn Sie mit den Plugins interagieren, zum Beispiel den &#8222;+1&#8220;-Button bet\u00e4tigen, wird die entsprechende Information ebenfalls direkt an einen Server von Google \u00fcbermittelt und dort gespeichert. Die Informationen werden au\u00dferdem auf Google+ ver\u00f6ffentlicht und dort Ihren Kontakten angezeigt.<\/p>\n<p>Zweck und Umfang der Datenerhebung und die weitere Verarbeitung und Nutzung der Daten durch Google sowie Ihre diesbez\u00fcglichen Rechte und Einstellungsm\u00f6glichkeiten zum Schutz Ihrer Privatsph\u00e4re entnehmen Sie bitte den Datenschutzhinweisen von Google: <a href=\"https:\/\/www.google.com\/intl\/de\/policies\/privacy\/\" target=\"_blank\" rel=\"noopener\">www.google.com\/intl\/de\/policies\/privacy\/<\/a><\/p>\n<p>Wenn Sie nicht m\u00f6chten, dass Google die \u00fcber unseren Webauftritt gesammelten Daten unmittelbar Ihrem Profil auf Google+ zuordnet, m\u00fcssen Sie sich vor Ihrem Besuch unserer Website bei Google+ ausloggen. Sie k\u00f6nnen das Laden der Google Plugins auch mit Add-Ons f\u00fcr Ihren Browser komplett verhindern, z. B. mit dem Skript-Blocker &#8222;NoScript&#8220; (http:\/\/noscript.net\/).<\/p>\n<p><b>4.4<\/b> Auf unserer Website werden sogenannte Social Plugins (\u201ePlugins\u201c) des sozialen Netzwerkes Google+ verwendet, das von der Google Inc., 1600 Amphitheatre Parkway, Mountain View, CA 94043, USA (\u201eGoogle\u201c) betrieben wird. Eine \u00dcbersicht \u00fcber die Google Plugins und deren Aussehen finden Sie hier: <a href=\"https:\/\/developers.google.com\/+\/plugins\" target=\"_blank\" rel=\"noopener\">developers.google.com\/+\/plugins<\/a><\/p>\n<p>Um den Schutz Ihrer Daten beim Besuch unserer Website zu erh\u00f6hen, sind die Plugins mittels sogenannter \u201e2-Klick\u201c- oder \u201eShariff\u201c-L\u00f6sung in die Seite eingebunden. Diese Einbindung gew\u00e4hrleistet, dass beim Aufruf einer Seite unseres Webauftritts, die solche Plugins enth\u00e4lt, noch keine Verbindung mit den Servern von Google hergestellt wird. Erst wenn Sie die Plugins aktivieren und damit Ihre Zustimmung zur Daten\u00fcbermittlung erteilen, stellt Ihr Browser eine direkte Verbindung zu den Servern von Google her. Der Inhalt des jeweiligen Plugins wird direkt an Ihren Browser \u00fcbermittelt und in die Seite eingebunden. Das Plugin \u00fcbermittelt dann Daten (einschlie\u00dflich Ihrer IP-Adresse) an Google. Wir haben keinen Einfluss auf den Umfang der Daten, die Google mit Hilfe der Plugins erhebt. Nach unserem Kenntnisstand erh\u00e4lt Google jedenfalls Informationen dar\u00fcber, welche unserer Webseiten Sie aktuell und zuvor aufgerufen haben. Durch die Einbindung der Plugins erh\u00e4lt Google auch dann die Informationen, dass Ihr Browser die entsprechende Seite unseres Webauftritts aufgerufen hat, wenn Sie kein Profil bei Google+ besitzen oder gerade nicht eingeloggt sind. Diese Informationen (einschlie\u00dflich Ihrer IP-Adresse) werden von Ihrem Browser direkt an einen Server von Google in die USA \u00fcbermittelt und dort gespeichert. Wenn Sie mit den Plugins interagieren, zum Beispiel den \u201e+1\u201c-Button bet\u00e4tigen, wird die entsprechende Information ebenfalls direkt an einen Server von Google \u00fcbermittelt und dort gespeichert. Die Informationen werden au\u00dferdem bei Google+ ver\u00f6ffentlicht und dort Ihren Kontakten angezeigt.<\/p>\n<p>Zweck und Umfang der Datenerhebung und die weitere Verarbeitung und Nutzung der Daten durch Google sowie Ihre diesbez\u00fcglichen Rechte und Einstellungsm\u00f6glichkeiten zum Schutz Ihrer Privatsph\u00e4re entnehmen Sie bitte den Datenschutzhinweisen von Google unter <a href=\"http:\/\/www.google.com\/intl\/de\/+\/policy\/+1button.html\" target=\"_blank\" rel=\"noopener\">www.google.com\/intl\/de\/+\/policy\/+1button.html<\/a><\/p>\n<p>Wenn Sie Mitglied des sozialen Netzwerks von Google+ sind und das Sammeln von Daten \u00fcber unsere Webseiten sowie die Zusammenf\u00fchrung Ihrer Nutzerdaten mit den \u00fcber Sie bei dem sozialen Netzwerk Google+ gespeicherten Daten begrenzen m\u00f6chten, sollten Sie sich vor Ihrem Besuch unserer Website bei Google+ abmelden. Sie k\u00f6nnen das Laden der Google Plugins auch mit Add-Ons f\u00fcr Ihren Browser komplett verhindern, z. B. mit dem Skript-Blocker \u201eNoScript\u201c (http:\/\/noscript.net\/).<\/p>\n<p><b>4.5<\/b> Auf unserer Website werden sogenannte Social Plugins (&#8222;Plugins&#8220;) des Mikroblogging-Dienstes Twitter verwendet, der von der Twitter Inc., 1355 Market St, Suite 900, San Francisco, CA 94103, USA (&#8222;Twitter&#8220;) betrieben wird. Die Plugins sind mit einem Twitter-Logo beispielsweise in Form eines blauen &#8222;Twitter- Vogels&#8220; gekennzeichnet. Eine \u00dcbersicht \u00fcber die Twitter Plugins und deren Aussehen finden Sie hier: <a href=\"https:\/\/about.twitter.com\/de\/resources\/buttons\" target=\"_blank\" rel=\"noopener\">about.twitter.com\/de\/resources\/buttons<\/a><\/p>\n<p>Wenn Sie eine Seite unseres Webauftritts aufrufen, die ein solches Plugin enth\u00e4lt, stellt Ihr Browser eine direkte Verbindung zu den Servern von Twitter her. Der Inhalt des Plugins wird von Twitter direkt an Ihren Browser \u00fcbermittelt und in die Seite eingebunden. Durch die Einbindung erh\u00e4lt Twitter die Information, dass Ihr Browser die entsprechende Seite unseres Webauftritts aufgerufen hat, auch wenn Sie kein Profil bei Twitter besitzen oder gerade nicht bei Twitter eingeloggt sind. Diese Information (einschlie\u00dflich Ihrer IP-Adresse) wird von Ihrem Browser direkt an einen Server von Twitter in die USA \u00fcbermittelt und dort gespeichert.<\/p>\n<p>Sind Sie bei Twitter eingeloggt, kann Twitter den Besuch unserer Website Ihrem Twitter-Account unmittelbar zuordnen. Wenn Sie mit den Plugins interagieren, zum Beispiel den &#8222;Twittern&#8220;-Button bet\u00e4tigen, wird die entsprechende Information ebenfalls direkt an einen Server von Twitter \u00fcbermittelt und dort gespeichert. Die Informationen werden au\u00dferdem auf Ihrem Twitter-Account ver\u00f6ffentlicht und dort Ihren Kontakten angezeigt.<\/p>\n<p>Zweck und Umfang der Datenerhebung und die weitere Verarbeitung und Nutzung der Daten durch Twitter sowie Ihre diesbez\u00fcglichen Rechte und Einstellungsm\u00f6glichkeiten zum Schutz Ihrer Privatsph\u00e4re entnehmen Sie bitte den Datenschutzhinweisen von Twitter: <a href=\"https:\/\/twitter.com\/privacy\" target=\"_blank\" rel=\"noopener\">twitter.com\/privacy<\/a><\/p>\n<p>Wenn Sie nicht m\u00f6chten, dass Twitter die \u00fcber unseren Webauftritt gesammelten Daten unmittelbar Ihrem Twitter-Account zuordnet, m\u00fcssen Sie sich vor Ihrem Besuch unserer Website bei Twitter ausloggen. Sie k\u00f6nnen das Laden der Twitter Plugins auch mit Add-Ons f\u00fcr Ihren Browser komplett verhindern, z. B. mit dem Skript-Blocker &#8222;NoScript&#8220; (http:\/\/noscript.net\/).<\/p>\n<p><b>4.6<\/b> Auf unserer Website werden sogenannte Social Plugins (\u201ePlugins\u201c) des Mikroblogging-Dienstes Twitter verwendet, der von der Twitter Inc., 1355 Market St, Suite 900, San Francisco, CA 94103, USA (\u201eTwitter\u201c) betrieben wird. Eine \u00dcbersicht \u00fcber die Twitter Plugins und deren Aussehen finden Sie hier: <a href=\"https:\/\/about.twitter.com\/de\/resources\/buttons\" target=\"_blank\" rel=\"noopener\">about.twitter.com\/de\/resources\/buttons<\/a><\/p>\n<p>Um den Schutz Ihrer Daten beim Besuch unserer Website zu erh\u00f6hen, sind die Plugins mittels sogenannter \u201e2-Klick\u201c- oder \u201eShariff\u201c-L\u00f6sung in die Seite eingebunden. Diese Einbindung gew\u00e4hrleistet, dass beim Aufruf einer Seite unseres Webauftritts, die solche Plugins enth\u00e4lt, noch keine Verbindung mit den Servern von Twitter hergestellt wird. Erst wenn Sie die Plugins aktivieren und damit Ihre Zustimmung zur Daten\u00fcbermittlung erteilen, stellt Ihr Browser eine direkte Verbindung zu den Servern von Twitter her. Der Inhalt des jeweiligen Plugins wird direkt an Ihren Browser \u00fcbermittelt und in die Seite eingebunden. Das Plugin \u00fcbermittelt dann Daten (einschlie\u00dflich Ihrer IP-Adresse) an Twitter. Wir haben keinen Einfluss auf den Umfang der Daten, die Twitter mit Hilfe der Plugins erhebt. Nach unserem Kenntnisstand erh\u00e4lt Twitter jedenfalls Informationen dar\u00fcber, welche unserer Webseiten Sie aktuell und zuvor aufgerufen haben. Durch die Einbindung der Plugins erh\u00e4lt Twitter auch dann die Informationen, dass Ihr Browser die entsprechende Seite unseres Webauftritts aufgerufen hat, wenn Sie keinen Account bei Twitter besitzen oder gerade nicht eingeloggt sind. Diese Informationen (einschlie\u00dflich Ihrer IP-Adresse) werden von Ihrem Browser direkt an einen Server von Twitter in die USA \u00fcbermittelt und dort gespeichert. Wenn Sie mit den Plugins interagieren, zum Beispiel den \u201eTwittern\u201c-Button bet\u00e4tigen, wird die entsprechende Information ebenfalls direkt an einen Server von Twitter \u00fcbermittelt und dort gespeichert. Die Informationen werden au\u00dferdem bei Twitter ver\u00f6ffentlicht und dort auf Ihrem Twitter-Account angezeigt.<\/p>\n<p>Zweck und Umfang der Datenerhebung und die weitere Verarbeitung und Nutzung der Daten durch Twitter sowie Ihre diesbez\u00fcglichen Rechte und Einstellungsm\u00f6glichkeiten zum Schutz Ihrer Privatsph\u00e4re entnehmen Sie bitte den Datenschutzhinweisen von Twitter unter <a href=\"https:\/\/twitter.com\/privacy\" target=\"_blank\" rel=\"noopener\">twitter.com\/privacy<\/a><\/p>\n<p>Wenn Sie Mitglied des sozialen Netzwerks von Twitter sind und das Sammeln von Daten \u00fcber unsere Webseiten sowie die Zusammenf\u00fchrung Ihrer Nutzerdaten mit den \u00fcber Sie bei dem sozialen Netzwerk Twitter gespeicherten Daten begrenzen m\u00f6chten, sollten Sie sich vor Ihrem Besuch unserer Website bei Twitter abmelden. Sie k\u00f6nnen das Laden der Twitter Plugins auch mit Add-Ons f\u00fcr Ihren Browser komplett verhindern, z. B. mit dem Skript-Blocker \u201eNoScript\u201c (http:\/\/noscript.net\/).<\/p>\n<h2>5) Verwendung von Videos (z.B. Youtube, Vimeo)<\/h2>\n<p>Diese Webseite nutzt die Youtube-Einbettungsfunktion zur Anzeige und Wiedergabe von Videos des Anbieters \u201eYoutube\u201c. Hierbei wird der erweiterte Datenschutzmodus verwendet, der nach Anbieterangaben eine Speicherung von Nutzerinformationen erst bei Wiedergabe des\/der Videos in Gang setzt. Wird die Wiedergabe eingebetteter Youtube-Videos gestartet, setzt der Anbieter \u201eYoutube\u201c Cookies ein, um Informationen \u00fcber das Nutzerverhalten zu sammeln. Hinweisen von \u201eYoutube\u201c zufolge dienen diese unter anderem dazu, Videostatistiken zu erfassen, die Nutzerfreundlichkeit zu verbessern und missbr\u00e4uchliche Handlungsweisen zu unterbinden. Unabh\u00e4ngig von einer Wiedergabe der eingebetteten Videos wird bei jedem Aufruf dieser Webseite eine Verbindung zum Google-Netzwerk \u201eDoubleClick\u201c aufgenommen, was ohne unseren Einfluss weitere Datenverarbeitungsvorg\u00e4nge ausl\u00f6sen kann.<br \/>\nWeitere Informationen zum Datenschutz bei \u201eYouTube\u201c finden Sie in der Datenschutzerkl\u00e4rung des Anbieters unter: <a href=\"https:\/\/www.google.de\/intl\/de\/policies\/privacy\/\" target=\"_blank\" rel=\"noopener\">www.google.de\/intl\/de\/policies\/privacy\/<\/a><\/p>\n<h2>6) Google Maps<\/h2>\n<p>Auf unserer Webseite verwenden wir Google Maps (API) von Google Inc., 1600 Amphitheatre Parkway, Mountain View, CA 94043, USA (\u201cGoogle\u201d). Google Maps ist ein Webdienst zur Darstellung von interaktiven (Land-)Karten um geographische Informationen visuell darzustellen.<\/p>\n<p>Bereits beim Aufrufen derjenigen Unterseiten, in die die Karte von Google Maps eingebunden ist, werden Informationen \u00fcber Ihre Nutzung unserer Webseite (wie z.B. Ihre IP-Adresse) an Server von Google in den USA \u00fcbertragen und dort gespeichert. Google wird diese Informationen ggf. weiter an Dritte \u00fcbertragen, soweit dies gesetzlich vorgeschrieben ist oder Dritte diese Daten im Auftrag von Google verarbeiten.<\/p>\n<p>Google wird Ihre IP-Adresse nicht mit anderen Daten von Google in Verbindung bringen. Dennoch w\u00e4re es technisch m\u00f6glich, dass Google die durch die Nutzung von Google Maps erhaltenen Nutzerdaten zur Identifizierung der Nutzer verwendet, daraus Pers\u00f6nlichkeitsprofile von Nutzern erstellt oder f\u00fcr fremde Zwecke verarbeitet und verwendet, worauf wir jeweils keinen Einfluss haben und haben k\u00f6nnen.<\/p>\n<p>Die Nutzungsbedingungen von Google k\u00f6nnen Sie unter <a href=\"http:\/\/www.google.de\/intl\/de\/policies\/terms\/regional.html\" target=\"_blank\" rel=\"noopener\">www.google.de\/intl\/de\/policies\/terms\/regional.html<\/a> einsehen, die zus\u00e4tzlichen Nutzungsbedingungen f\u00fcr Google Maps finden Sie unter <a href=\"https:\/\/www.google.com\/intl\/de_US\/help\/terms_maps.html\" target=\"_blank\" rel=\"noopener\">www.google.com\/intl\/de_US\/help\/terms_maps.html<\/a>. Ausf\u00fchrliche Informationen zum Datenschutz im Zusammenhang mit der Verwendung von Google Maps finden Sie auf der Internetseite von Google (\u201eGoogle Privacy Policy\u201c): <a href=\"http:\/\/www.google.de\/intl\/de\/policies\/privacy\/\" target=\"_blank\" rel=\"noopener\">www.google.de\/intl\/de\/policies\/privacy\/<\/a><\/p>\n<p>Wenn Sie mit der k\u00fcnftigen \u00dcbermittlung Ihrer Daten an Google im Rahmen der Nutzung von Google Maps nicht einverstanden sind, besteht die M\u00f6glichkeit, den Webdienst von Google Maps vollst\u00e4ndig zu deaktivieren, indem Sie die Anwendung JavaScript in Ihrem Browser ausschalten. Google Maps und damit auch die Kartenanzeige auf dieser Internetseite kann dann nicht genutzt werden.<\/p>\n<h2>7) Ihre Rechte und Kontaktaufnahme<\/h2>\n<p>Sie haben ein Recht auf unentgeltliche Auskunft \u00fcber Ihre gespeicherten Daten sowie ggf. ein Recht auf Berichtigung, Sperrung oder L\u00f6schung dieser Daten. Wenn Sie weitere Fragen zur Erhebung, Verarbeitung oder Nutzung Ihrer personenbezogenen Daten haben, kontaktieren Sie uns bitte. Gleiches gilt f\u00fcr Ausk\u00fcnfte, Sperrung, L\u00f6schungs- und Berichtigungsw\u00fcnsche hinsichtlich Ihrer personenbezogenen Daten sowie f\u00fcr Widerrufe erteilter Einwilligungen. Die Kontaktadresse finden Sie in unserem Impressum.<\/p>\n<\/div>\n","protected":false},"excerpt":{"rendered":"<p>Der DARC Ortsverband Leonberg P24 ist eine Unterorganisation des DARC (Deutscher Amateur Radio Club e.V.). URL: www.darc.de Es gelten prim\u00e4r das Impressum und die Datenschutzerkl\u00e4rung des Zentralverbendes, an die wir uns halten. Webmaster: Felix Schepmann (DO3FDS) felix(at)do3fds.de Zentralverband DARC e.V. Impressum: https:\/\/www.darc.de\/impressum\/ Datenschutz: https:\/\/www.darc.de\/datenschutzerklaerung\/ Wir freuen uns, dass Sie unsere Website besuchen und bedanken uns [&hellip;]<\/p>\n","protected":false},"author":5,"featured_media":0,"parent":0,"menu_order":0,"comment_status":"closed","ping_status":"closed","template":"","meta":{"_mc_calendar":[],"footnotes":""},"class_list":["post-1521","page","type-page","status-publish","hentry"],"_links":{"self":[{"href":"https:\/\/ovp24.org\/wp\/index.php?rest_route=\/wp\/v2\/pages\/1521","targetHints":{"allow":["GET"]}}],"collection":[{"href":"https:\/\/ovp24.org\/wp\/index.php?rest_route=\/wp\/v2\/pages"}],"about":[{"href":"https:\/\/ovp24.org\/wp\/index.php?rest_route=\/wp\/v2\/types\/page"}],"author":[{"embeddable":true,"href":"https:\/\/ovp24.org\/wp\/index.php?rest_route=\/wp\/v2\/users\/5"}],"replies":[{"embeddable":true,"href":"https:\/\/ovp24.org\/wp\/index.php?rest_route=%2Fwp%2Fv2%2Fcomments&post=1521"}],"version-history":[{"count":11,"href":"https:\/\/ovp24.org\/wp\/index.php?rest_route=\/wp\/v2\/pages\/1521\/revisions"}],"predecessor-version":[{"id":2261,"href":"https:\/\/ovp24.org\/wp\/index.php?rest_route=\/wp\/v2\/pages\/1521\/revisions\/2261"}],"wp:attachment":[{"href":"https:\/\/ovp24.org\/wp\/index.php?rest_route=%2Fwp%2Fv2%2Fmedia&parent=1521"}],"curies":[{"name":"wp","href":"https:\/\/api.w.org\/{rel}","templated":true}]}}