{"id":1526,"date":"2018-04-10T17:44:30","date_gmt":"2018-04-10T16:44:30","guid":{"rendered":"https:\/\/ovp24.org\/wp\/?page_id=1526"},"modified":"2024-04-07T11:50:02","modified_gmt":"2024-04-07T10:50:02","slug":"vortraege-p24","status":"publish","type":"page","link":"https:\/\/ovp24.org\/wp\/?page_id=1526","title":{"rendered":"Vortr\u00e4ge P24"},"content":{"rendered":"<p><strong>Vortr\u00e4ge 2024<\/strong><\/p>\n<p>11.05.2024: Technik-Tag. Mehr Workshop als Vortrag.<\/p>\n<p><strong>Vortr\u00e4ge 2021<\/strong><\/p>\n<p>Wegen der Covid-19-Situation, finden bis auf Weiteres keine Vortr\u00e4ge statt.<\/p>\n<p><strong>Vortr\u00e4ge 2020 <\/strong><\/p>\n<p>Wegen der Jubil\u00e4umsaktivit\u00e4ten, die viele Kapazit\u00e4ten binden, finden bis auf Weiteres keine Vortr\u00e4ge statt.<\/p>\n<h2><span style=\"font-family: Arial, sans-serif;\"><span style=\"font-size: medium;\"><b>Vortr\u00e4ge 2019<\/b><\/span><\/span><\/h2>\n<p><img loading=\"lazy\" decoding=\"async\" class=\"alignnone wp-image-1931\" src=\"https:\/\/ovp24.org\/wp\/wp-content\/uploads\/2019\/10\/20191010_Vortr\u00e4ge_2019-300x135.png\" alt=\"\" width=\"611\" height=\"275\" srcset=\"https:\/\/ovp24.org\/wp\/wp-content\/uploads\/2019\/10\/20191010_Vortr\u00e4ge_2019-300x135.png 300w, https:\/\/ovp24.org\/wp\/wp-content\/uploads\/2019\/10\/20191010_Vortr\u00e4ge_2019-768x345.png 768w, https:\/\/ovp24.org\/wp\/wp-content\/uploads\/2019\/10\/20191010_Vortr\u00e4ge_2019.png 954w\" sizes=\"auto, (max-width: 611px) 100vw, 611px\" \/><\/p>\n<p>&nbsp;<\/p>\n","protected":false},"excerpt":{"rendered":"<p>Vortr\u00e4ge 2024 11.05.2024: Technik-Tag. Mehr Workshop als Vortrag. Vortr\u00e4ge 2021 Wegen der Covid-19-Situation, finden bis auf Weiteres keine Vortr\u00e4ge statt. Vortr\u00e4ge 2020 Wegen der Jubil\u00e4umsaktivit\u00e4ten, die viele Kapazit\u00e4ten binden, finden bis auf Weiteres keine Vortr\u00e4ge statt. Vortr\u00e4ge 2019 &nbsp;<\/p>\n","protected":false},"author":5,"featured_media":0,"parent":0,"menu_order":0,"comment_status":"closed","ping_status":"closed","template":"","meta":{"_mc_calendar":[],"footnotes":""},"class_list":["post-1526","page","type-page","status-publish","hentry"],"_links":{"self":[{"href":"https:\/\/ovp24.org\/wp\/index.php?rest_route=\/wp\/v2\/pages\/1526","targetHints":{"allow":["GET"]}}],"collection":[{"href":"https:\/\/ovp24.org\/wp\/index.php?rest_route=\/wp\/v2\/pages"}],"about":[{"href":"https:\/\/ovp24.org\/wp\/index.php?rest_route=\/wp\/v2\/types\/page"}],"author":[{"embeddable":true,"href":"https:\/\/ovp24.org\/wp\/index.php?rest_route=\/wp\/v2\/users\/5"}],"replies":[{"embeddable":true,"href":"https:\/\/ovp24.org\/wp\/index.php?rest_route=%2Fwp%2Fv2%2Fcomments&post=1526"}],"version-history":[{"count":21,"href":"https:\/\/ovp24.org\/wp\/index.php?rest_route=\/wp\/v2\/pages\/1526\/revisions"}],"predecessor-version":[{"id":2278,"href":"https:\/\/ovp24.org\/wp\/index.php?rest_route=\/wp\/v2\/pages\/1526\/revisions\/2278"}],"wp:attachment":[{"href":"https:\/\/ovp24.org\/wp\/index.php?rest_route=%2Fwp%2Fv2%2Fmedia&parent=1526"}],"curies":[{"name":"wp","href":"https:\/\/api.w.org\/{rel}","templated":true}]}}